{"id":1074,"date":"2021-08-24T16:33:43","date_gmt":"2021-08-24T14:33:43","guid":{"rendered":"https:\/\/aceitespain.com\/?post_type=product&#038;p=1074"},"modified":"2023-02-07T17:19:36","modified_gmt":"2023-02-07T15:19:36","slug":"pack-arbequina-picual","status":"publish","type":"product","link":"https:\/\/aceitespain.com\/en\/product\/pack-arbequina-picual\/","title":{"rendered":"Arbequina-Picual Pack"},"content":{"rendered":"","protected":false},"excerpt":{"rendered":"<h3><strong>Env\u00edo Gratis a\u00a0<\/strong><b>Pen\u00ednsula<\/b><\/h3>\n<p><strong>Variedad:<\/strong> Arbequina y Picual<\/p>\n<p>Pack selecto de AOVE PREMIUM de las variedades Arbequina y Picual.<br \/>\nAhorre directamente adquiriendo este pack, sin necesidad de cupones y con env\u00edo gratis dentro de la Pen\u00ednsula.<br \/>\nLa variedad AOVE Arbequina presenta un sabor suave y frutado frente a la Picual que tiene m\u00e1s cuerpo y de sabor m\u00e1s herb\u00e1ceo. Nota la diferencia, cada una de las variedades es utilizada para diferentes ali\u00f1os y otros platos variados.<\/p>\n<p><strong>Contenido del pack:<\/strong><\/p>\n<ul>\n<li>1 BOTELLA DE 350 ML DE AOVE PREMIUM PICUAL<\/li>\n<li>1 LATA DE 250 ML modelo SUE\u00d1OS de AOVE PREMIUM ARBEQUINA<\/li>\n<li>1 LATA DE 250 ML modelo BURBUJAS de AOVE PREMIUM PICUAL<\/li>\n<li>1 LATA DE 500 ML modelo CAJ\u00d3N de AOVE PREMIUM PICUAL<\/li>\n<li>1 LATA DE 1 LITRO modelo SACO de AOVE PREMIUM ARBEQUINA<\/li>\n<li>1 LATA DE 1 LITRO modelo ORIGEN de AOVE PREMIUM PICUAL<\/li>\n<\/ul>\n<p><strong>Contenido total de AOVE:<\/strong> 3,35 LITROS<\/p>\n<p><strong>Peso total:<\/strong>\u00a04,4 Kg<\/p>","protected":false},"featured_media":0,"comment_status":"closed","ping_status":"closed","template":"","meta":{"_acf_changed":false,"_et_pb_use_builder":"","_et_pb_old_content":"","_et_gb_content_width":""},"product_brand":[],"product_cat":[19,18,87],"product_tag":[],"class_list":{"0":"post-1074","1":"product","2":"type-product","3":"status-publish","5":"product_cat-aceite-arbequina","6":"product_cat-aceite-picual","7":"product_cat-lotes-aceite-oliva","9":"first","10":"outofstock","11":"taxable","12":"shipping-taxable","13":"purchasable","14":"product-type-simple"},"acf":[],"_links":{"self":[{"href":"https:\/\/aceitespain.com\/en\/wp-json\/wp\/v2\/product\/1074","targetHints":{"allow":["GET"]}}],"collection":[{"href":"https:\/\/aceitespain.com\/en\/wp-json\/wp\/v2\/product"}],"about":[{"href":"https:\/\/aceitespain.com\/en\/wp-json\/wp\/v2\/types\/product"}],"replies":[{"embeddable":true,"href":"https:\/\/aceitespain.com\/en\/wp-json\/wp\/v2\/comments?post=1074"}],"wp:attachment":[{"href":"https:\/\/aceitespain.com\/en\/wp-json\/wp\/v2\/media?parent=1074"}],"wp:term":[{"taxonomy":"product_brand","embeddable":true,"href":"https:\/\/aceitespain.com\/en\/wp-json\/wp\/v2\/product_brand?post=1074"},{"taxonomy":"product_cat","embeddable":true,"href":"https:\/\/aceitespain.com\/en\/wp-json\/wp\/v2\/product_cat?post=1074"},{"taxonomy":"product_tag","embeddable":true,"href":"https:\/\/aceitespain.com\/en\/wp-json\/wp\/v2\/product_tag?post=1074"}],"curies":[{"name":"wp","href":"https:\/\/api.w.org\/{rel}","templated":true}]}}