{"id":1093,"date":"2021-08-25T16:42:36","date_gmt":"2021-08-25T14:42:36","guid":{"rendered":"https:\/\/aceitespain.com\/?post_type=product&#038;p=1093"},"modified":"2023-02-06T17:28:36","modified_gmt":"2023-02-06T15:28:36","slug":"pack-arbequina-equilibrio","status":"publish","type":"product","link":"https:\/\/aceitespain.com\/en\/product\/pack-arbequina-equilibrio\/","title":{"rendered":"Arbequina-Balance Pack"},"content":{"rendered":"","protected":false},"excerpt":{"rendered":"<h3><strong>Env\u00edo Gratis a\u00a0<\/strong><b>Pen\u00ednsula<\/b><\/h3>\n<p><strong>Variedad:<\/strong> Arbequina y Equilibrio<\/p>\n<p>Pack selecto de AOVE PREMIUM de las variedades Arbequina y Equilibrio (Coupage).<br \/>\nAhorre directamente adquiriendo este pack, sin necesidad de cupones y con env\u00edo gratis dentro de la Pen\u00ednsula.<br \/>\nEstas 2 variedades son consideradas las m\u00e1s suaves con sabores frutados muy agradables, la variedad Equilibrio es un AOVE plurivarietal m\u00e1s complejo que el monovarietal Arbequina, cada una de ellas para ser utilizadas seg\u00fan sus propios gustos.<\/p>\n<p><strong>Contenido del pack:<\/strong><\/p>\n<ul>\n<li>1 LATA DE 250 ML modelo SUE\u00d1OS de AOVE PREMIUM ARBEQUINA<\/li>\n<li>1 LATA DE 250 ML modelo ILUSIONES de AOVE PREMIUM EQUILIBRIO<\/li>\n<li>1 LATA DE 500 ML modelo AZULEJOS de AOVE PREMIUM ARBEQUINA<\/li>\n<li>1 LATA DE 500 ML modelo MADERA de AOVE PREMIUM EQUILIBRIO<\/li>\n<li>1 LATA DE 1 LITRO modelo ORIGEN de AOVE PREMIUM ARBEQUINA<\/li>\n<li>1 LATA DE 1 LITRO modelo SACO de AOVE PREMIUM EQUILIBRIO<\/li>\n<\/ul>\n<p><strong>Contenido total de AOVE:<\/strong> 3,5 LITROS<\/p>\n<p><strong>Peso total:<\/strong> 4,2 Kg<\/p>","protected":false},"featured_media":0,"comment_status":"closed","ping_status":"closed","template":"","meta":{"_acf_changed":false,"_et_pb_use_builder":"","_et_pb_old_content":"","_et_gb_content_width":""},"product_brand":[],"product_cat":[19,20,87],"product_tag":[],"class_list":{"0":"post-1093","1":"product","2":"type-product","3":"status-publish","5":"product_cat-aceite-arbequina","6":"product_cat-aceite-coupage-equilibrio","7":"product_cat-lotes-aceite-oliva","9":"first","10":"outofstock","11":"taxable","12":"shipping-taxable","13":"purchasable","14":"product-type-simple"},"acf":[],"_links":{"self":[{"href":"https:\/\/aceitespain.com\/en\/wp-json\/wp\/v2\/product\/1093","targetHints":{"allow":["GET"]}}],"collection":[{"href":"https:\/\/aceitespain.com\/en\/wp-json\/wp\/v2\/product"}],"about":[{"href":"https:\/\/aceitespain.com\/en\/wp-json\/wp\/v2\/types\/product"}],"replies":[{"embeddable":true,"href":"https:\/\/aceitespain.com\/en\/wp-json\/wp\/v2\/comments?post=1093"}],"wp:attachment":[{"href":"https:\/\/aceitespain.com\/en\/wp-json\/wp\/v2\/media?parent=1093"}],"wp:term":[{"taxonomy":"product_brand","embeddable":true,"href":"https:\/\/aceitespain.com\/en\/wp-json\/wp\/v2\/product_brand?post=1093"},{"taxonomy":"product_cat","embeddable":true,"href":"https:\/\/aceitespain.com\/en\/wp-json\/wp\/v2\/product_cat?post=1093"},{"taxonomy":"product_tag","embeddable":true,"href":"https:\/\/aceitespain.com\/en\/wp-json\/wp\/v2\/product_tag?post=1093"}],"curies":[{"name":"wp","href":"https:\/\/api.w.org\/{rel}","templated":true}]}}