{"id":119,"date":"2020-12-10T16:41:52","date_gmt":"2020-12-10T15:41:52","guid":{"rendered":"https:\/\/aceitespain.com\/?post_type=product&#038;p=119"},"modified":"2023-01-31T10:45:57","modified_gmt":"2023-01-31T08:45:57","slug":"aceite-oliva-virgen-extra-lata-aove-arbequina","status":"publish","type":"product","link":"https:\/\/aceitespain.com\/en\/product\/aceite-oliva-virgen-extra-lata-aove-arbequina\/","title":{"rendered":"Can of Extra Virgin Olive Oil EVOO ARBEQUINA 5 liters Premium"},"content":{"rendered":"<h2>Lata de 5 litros de Aceite de Oliva Virgen Extra Arbequina (origen)<\/h2>\n<ul>\n<li>El envase del <a href=\"https:\/\/aceitespain.com\/en\/tienda-aceite-oliva-virgen-extra\/\">Extra Virgin Olive Oil<\/a> en latas permite una conservaci\u00f3n duradera protegi\u00e9ndolo de la luz, es inerte y no altera el sabor del producto.<\/li>\n<li>Guarde la lata con el tap\u00f3n puesto para una mejor conservaci\u00f3n.<\/li>\n<li>Las latas son reciclables y no agotan recursos.<\/li>\n<li>Ayuda a hacer un mundo sostenible.<\/li>\n<li>El color es independiente de la calidad del aceite. Para que tenga una buena calidad debe tener un aroma intenso, fresco y frutado.<\/li>\n<li>La lata puede no coincidir exactamente con la imagen mostrada.<\/li>\n<\/ul>\n<p><strong>INFORMACI\u00d3N NUTRICIONAL para 100 g<\/strong><\/p>\n<table>\n<tbody>\n<tr>\n<td><strong>Energ\u00eda<\/strong><\/td>\n<td>3700 Kj\/900Kcal<\/td>\n<\/tr>\n<tr>\n<td><strong>Grasas<\/strong><\/td>\n<td>100 g<\/td>\n<\/tr>\n<tr>\n<td>de las cuales<\/td>\n<\/tr>\n<tr>\n<td>\u00b7Saturadas<\/td>\n<td>18 g<\/td>\n<\/tr>\n<tr>\n<td>\u00b7Monoinsaturadas<\/td>\n<td>71 g<\/td>\n<\/tr>\n<tr>\n<td>\u00b7Poliinsaturadas<\/td>\n<td>11 g<\/td>\n<\/tr>\n<tr>\n<td><strong>Hidratos de carbono<\/strong><\/td>\n<td>0 g<\/td>\n<\/tr>\n<tr>\n<td>\u00a0\u00b7az\u00facares<\/td>\n<td>0 g<\/td>\n<\/tr>\n<tr>\n<td>\u00a0\u00b7polialcoholes<\/td>\n<td style=\"width: 128.295px; text-align: right;\">0 g<\/td>\n<\/tr>\n<tr>\n<td>\u00a0\u00b7almid\u00f3n<\/td>\n<td>0 g<\/td>\n<\/tr>\n<tr>\n<td>\u00a0\u00b7Fibra alimentaria<\/td>\n<td>0 g<\/td>\n<\/tr>\n<tr>\n<td>\u00a0<strong>Prote\u00edna<\/strong><\/td>\n<td>0 g<\/td>\n<\/tr>\n<tr>\n<td>\u00a0<strong>Vitaminas y minerales<\/strong><\/td>\n<td>0 g<\/td>\n<\/tr>\n<\/tbody>\n<\/table>","protected":false},"excerpt":{"rendered":"<p style=\"text-align: left;\">La aceituna plasmada en nuestro dise\u00f1o propio Origen hace referencia a los colores de maduraci\u00f3n de la aceituna, desde un momento temprano hasta el punto m\u00e1ximo de madurez de la aceituna. El deleite exterior de colores de aceituna junto con los del oro l\u00edquido que conlleva en su interior, una calidad m\u00e1xima de AOVE Arbequina en lata de 5L.<\/p>\n<h3 style=\"text-align: left;\"><strong>Calidad: PREMIUM<\/strong><\/h3>\n<p><strong>Variedad:<\/strong> Arbequina<\/p>\n<p><strong>Modelo del dise\u00f1o:<\/strong> ORIGEN<\/p>\n<p><strong>Grado de acidez al envasarlo:<\/strong> 0.11<\/p>\n<p><strong>Peso:<\/strong> 4,952 Kg<\/p>\n<p><strong>Tipo de envase:<\/strong>\u00a0Reciclable<\/p>\n<p>&nbsp;<\/p>","protected":false},"featured_media":0,"comment_status":"open","ping_status":"closed","template":"","meta":{"_acf_changed":false,"_et_pb_use_builder":"","_et_pb_old_content":"","_et_gb_content_width":""},"product_brand":[],"product_cat":[19],"product_tag":[],"class_list":{"0":"post-119","1":"product","2":"type-product","3":"status-publish","5":"product_cat-aceite-arbequina","7":"first","8":"outofstock","9":"taxable","10":"shipping-taxable","11":"purchasable","12":"product-type-simple"},"acf":[],"_links":{"self":[{"href":"https:\/\/aceitespain.com\/en\/wp-json\/wp\/v2\/product\/119","targetHints":{"allow":["GET"]}}],"collection":[{"href":"https:\/\/aceitespain.com\/en\/wp-json\/wp\/v2\/product"}],"about":[{"href":"https:\/\/aceitespain.com\/en\/wp-json\/wp\/v2\/types\/product"}],"replies":[{"embeddable":true,"href":"https:\/\/aceitespain.com\/en\/wp-json\/wp\/v2\/comments?post=119"}],"wp:attachment":[{"href":"https:\/\/aceitespain.com\/en\/wp-json\/wp\/v2\/media?parent=119"}],"wp:term":[{"taxonomy":"product_brand","embeddable":true,"href":"https:\/\/aceitespain.com\/en\/wp-json\/wp\/v2\/product_brand?post=119"},{"taxonomy":"product_cat","embeddable":true,"href":"https:\/\/aceitespain.com\/en\/wp-json\/wp\/v2\/product_cat?post=119"},{"taxonomy":"product_tag","embeddable":true,"href":"https:\/\/aceitespain.com\/en\/wp-json\/wp\/v2\/product_tag?post=119"}],"curies":[{"name":"wp","href":"https:\/\/api.w.org\/{rel}","templated":true}]}}