{"id":152,"date":"2020-12-16T11:56:45","date_gmt":"2020-12-16T09:56:45","guid":{"rendered":"https:\/\/aceitespain.com\/?post_type=product&#038;p=152"},"modified":"2023-02-06T17:44:20","modified_gmt":"2023-02-06T15:44:20","slug":"caja-6-botellas-aove-cornicabra-350ml","status":"publish","type":"product","link":"https:\/\/aceitespain.com\/en\/product\/caja-6-botellas-aove-cornicabra-350ml\/","title":{"rendered":"Box of 6 bottles of EVOO CORNICABRA 0.35 liters"},"content":{"rendered":"<h2>Caja de 6 botellas de cristal de AOVE CORNICABRA 0,35 litros<\/h2>\n<ul>\n<li>El envase del <a href=\"https:\/\/aceitespain.com\/en\/tienda-aceite-oliva-virgen-extra\/\">Extra Virgin Olive Oil<\/a> en botellas de vidrio es sin\u00f3nimo de garant\u00eda, es inerte y no altera el sabor del producto. El vidrio es reciclable y no agota recursos. Ayuda a hacer un mundo sostenible.<\/li>\n<li>Su transparencia permite apreciar el color aut\u00e9ntico y natural del aceite, por este motivo debe conservarse resguardado de la luz, en un lugar fresco, alrededor de 18\u00baC y con el tap\u00f3n puesto.<\/li>\n<li>El AOVE es un producto vivo que evoluciona con el tiempo y cambia el tono de color.<\/li>\n<li>Evite su oxidaci\u00f3n protegi\u00e9ndolo de sus principales enemigos: luz, calor y aire.<\/li>\n<li>El color es independiente de la calidad del aceite. Para que tenga buena calidad deber tener un aroma intenso, fresco y frutado.<\/li>\n<li>El color tanto del producto como del envase que Ud. recibe puede no coincidir exactamente con el dibujo mostrado, depender\u00e1 de la calibraci\u00f3n de su pantalla y de la propia evoluci\u00f3n del aceite.<\/li>\n<\/ul>\n<p><strong>INFORMACI\u00d3N NUTRICIONAL para 100 g<\/strong><\/p>\n<table>\n<tbody>\n<tr>\n<td><strong>Energ\u00eda<\/strong><\/td>\n<td style=\"width: 128.295px; text-align: right;\">3700 Kj\/900Kcal<\/td>\n<\/tr>\n<tr>\n<td><strong>Grasas<\/strong><\/td>\n<td>100 g<\/td>\n<\/tr>\n<tr>\n<td>de las cuales<\/td>\n<\/tr>\n<tr>\n<td>Saturadas<\/td>\n<td>13 g<\/td>\n<\/tr>\n<tr>\n<td>Monoinsaturadas<\/td>\n<td>80 g<\/td>\n<\/tr>\n<tr>\n<td>Poliinsaturadas<\/td>\n<td>7 g<\/td>\n<\/tr>\n<tr>\n<td><strong>Hidratos de carbono<\/strong><\/td>\n<td>0 g<\/td>\n<\/tr>\n<tr>\n<td>az\u00facares<\/td>\n<td>0 g<\/td>\n<\/tr>\n<tr>\n<td>polialcoholes<\/td>\n<td>0 g<\/td>\n<\/tr>\n<tr>\n<td>almid\u00f3n<\/td>\n<td>0 g<\/td>\n<\/tr>\n<tr>\n<td>Fibra alimentaria<\/td>\n<td>0 g<\/td>\n<\/tr>\n<tr>\n<td><strong>Prote\u00edna<\/strong><\/td>\n<td>0 g<\/td>\n<\/tr>\n<tr>\n<td><strong>Vitaminas y minerales<\/strong><\/td>\n<td>0 g<\/td>\n<\/tr>\n<\/tbody>\n<\/table>","protected":false},"excerpt":{"rendered":"<p style=\"text-align: left;\">El Aceite de Oliva Virgen Extra variedad Cornicabra se caracteriza por ser un aceite con cuerpo y recio. Es el denominado \u00abRey de la Salud\u00bb. En esta caja de 6 botellas  de 350ml de vidrio cosm\u00e9tico podr\u00e1s deleitar la vista con su oro vivo y una atracci\u00f3n sensorial en tu paladar<\/p>\n<h3 style=\"text-align: left;\">Calidad: <strong>PREMIUM<\/strong><\/h3>\n<p><strong>Variedad:<\/strong>\u00a0<a href=\"https:\/\/aceitespain.com\/en\/categoria\/aceite-cornicabra\/\">Cornicabra<\/a><\/p>\n<p style=\"text-align: left;\"><strong>Grado de acidez al envasarlo:<\/strong>\u00a00.16<\/p>\n<p style=\"text-align: left;\"><strong>Peso:<\/strong> 4,8 Kg<\/p>\n<p style=\"text-align: left;\"><strong>Tipo de envase:<\/strong>\u00a0Reciclable<\/p>","protected":false},"featured_media":0,"comment_status":"open","ping_status":"closed","template":"","meta":{"_acf_changed":false,"_et_pb_use_builder":"","_et_pb_old_content":"","_et_gb_content_width":""},"product_brand":[],"product_cat":[17],"product_tag":[],"class_list":{"0":"post-152","1":"product","2":"type-product","3":"status-publish","5":"product_cat-aceite-cornicabra","7":"first","8":"outofstock","9":"taxable","10":"shipping-taxable","11":"purchasable","12":"product-type-simple"},"acf":[],"_links":{"self":[{"href":"https:\/\/aceitespain.com\/en\/wp-json\/wp\/v2\/product\/152","targetHints":{"allow":["GET"]}}],"collection":[{"href":"https:\/\/aceitespain.com\/en\/wp-json\/wp\/v2\/product"}],"about":[{"href":"https:\/\/aceitespain.com\/en\/wp-json\/wp\/v2\/types\/product"}],"replies":[{"embeddable":true,"href":"https:\/\/aceitespain.com\/en\/wp-json\/wp\/v2\/comments?post=152"}],"wp:attachment":[{"href":"https:\/\/aceitespain.com\/en\/wp-json\/wp\/v2\/media?parent=152"}],"wp:term":[{"taxonomy":"product_brand","embeddable":true,"href":"https:\/\/aceitespain.com\/en\/wp-json\/wp\/v2\/product_brand?post=152"},{"taxonomy":"product_cat","embeddable":true,"href":"https:\/\/aceitespain.com\/en\/wp-json\/wp\/v2\/product_cat?post=152"},{"taxonomy":"product_tag","embeddable":true,"href":"https:\/\/aceitespain.com\/en\/wp-json\/wp\/v2\/product_tag?post=152"}],"curies":[{"name":"wp","href":"https:\/\/api.w.org\/{rel}","templated":true}]}}