{"id":154,"date":"2020-12-16T12:00:42","date_gmt":"2020-12-16T10:00:42","guid":{"rendered":"https:\/\/aceitespain.com\/?post_type=product&#038;p=154"},"modified":"2023-02-06T17:43:35","modified_gmt":"2023-02-06T15:43:35","slug":"caja-6-botellas-aove-picual-350ml","status":"publish","type":"product","link":"https:\/\/aceitespain.com\/en\/product\/caja-6-botellas-aove-picual-350ml\/","title":{"rendered":"Box of 6 bottles of PICUAL EVOO 0.35 liters"},"content":{"rendered":"<h2>Caja de 6 botellas de cristal de AOVE PICUAL 0,35 litros<\/h2>\n<ul>\n<li>El envase del <a href=\"https:\/\/aceitespain.com\/en\/tienda-aceite-oliva-virgen-extra\/\">Extra Virgin Olive Oil<\/a> en botellas de vidrio es sin\u00f3nimo de garant\u00eda, es inerte y no altera el sabor del producto. El vidrio es reciclable y no agota recursos. Ayuda a hacer un mundo sostenible.<\/li>\n<li>Su transparencia permite apreciar el color aut\u00e9ntico y natural del aceite, por este motivo debe conservarse resguardado de la luz, en un lugar fresco, alrededor de 18\u00baC y con el tap\u00f3n puesto.<\/li>\n<li>El AOVE es un producto vivo que evoluciona con el tiempo y cambia el tono de color.<\/li>\n<li>Evite su oxidaci\u00f3n protegi\u00e9ndolo de sus principales enemigos: luz, calor y aire.<\/li>\n<li>El color es independiente de la calidad del aceite. Para que tenga buena calidad deber tener un aroma intenso, fresco y frutado.<\/li>\n<li>El color tanto del producto como del envase que Ud. recibe puede no coincidir exactamente con el dibujo mostrado, depender\u00e1 de la calibraci\u00f3n de su pantalla y de la propia evoluci\u00f3n del aceite.<\/li>\n<\/ul>\n<p><strong>INFORMACI\u00d3N NUTRICIONAL para 100 g<\/strong><\/p>\n<table>\n<tbody>\n<tr>\n<td><strong>Energ\u00eda<\/strong><\/td>\n<td>3700 Kj\/900Kcal<\/td>\n<\/tr>\n<tr>\n<td><strong>Grasas<\/strong><\/td>\n<td>100 g<\/td>\n<\/tr>\n<tr>\n<td>de las cuales<\/td>\n<\/tr>\n<tr>\n<td>\u00a0\u00b7Saturadas<\/td>\n<td>16 g<\/td>\n<\/tr>\n<tr>\n<td>\u00a0\u00b7Monoinsaturadas<\/td>\n<td>80 g<\/td>\n<\/tr>\n<tr>\n<td>\u00a0\u00b7Poliinsaturadas<\/td>\n<td>4 g<\/td>\n<\/tr>\n<tr>\n<td><strong>Hidratos de carbono<\/strong><\/td>\n<td>0 g<\/td>\n<\/tr>\n<tr>\n<td>\u00a0\u00b7az\u00facares<\/td>\n<td>0 g<\/td>\n<\/tr>\n<tr>\n<td>\u00a0\u00b7polialcoholes<\/td>\n<td>0 g<\/td>\n<\/tr>\n<tr>\n<td>\u00a0\u00b7almid\u00f3n<\/td>\n<td>&gt;0 g<\/td>\n<\/tr>\n<tr>\n<td>\u00a0\u00b7Fibra alimentaria<\/td>\n<td>0 g<\/td>\n<\/tr>\n<tr>\n<td>\u00a0<strong>Prote\u00edna<\/strong><\/td>\n<td>0 g<\/td>\n<\/tr>\n<tr>\n<td>\u00a0<strong>Vitaminas y minerales<\/strong><\/td>\n<td>0 g<\/td>\n<\/tr>\n<\/tbody>\n<\/table>","protected":false},"excerpt":{"rendered":"<p>Botellas con cuerpo dise\u00f1adas por nosotros, con un tap\u00f3n tambi\u00e9n elaborado en vidrio que aportan un color \u00fanico y caracter\u00edstico del Aceite de Oliva Virgen Extra. Este Pack contiene 6 botellas de 350ml de capacidad de nuestra variedad Picual, un AOVE con cuerpo y frescor.<\/p>\n<h3><strong>Calidad:\u00a0PREMIUM<\/strong><\/h3>\n<p><strong>Variedad: <\/strong><a href=\"https:\/\/aceitespain.com\/en\/categoria\/aceite-picual\/\">Aceite Picual<\/a><\/p>\n<p><strong>Grado de acidez al envasarlo:<\/strong> 0.14<\/p>\n<p><strong>Peso:<\/strong>\u00a04,8 Kg<\/p>\n<p><strong>Tipo de envase:<\/strong>\u00a0Reciclable<\/p>","protected":false},"featured_media":0,"comment_status":"open","ping_status":"closed","template":"","meta":{"_acf_changed":false,"_et_pb_use_builder":"","_et_pb_old_content":"","_et_gb_content_width":""},"product_brand":[],"product_cat":[18],"product_tag":[],"class_list":{"0":"post-154","1":"product","2":"type-product","3":"status-publish","5":"product_cat-aceite-picual","7":"first","8":"outofstock","9":"taxable","10":"shipping-taxable","11":"purchasable","12":"product-type-simple"},"acf":[],"_links":{"self":[{"href":"https:\/\/aceitespain.com\/en\/wp-json\/wp\/v2\/product\/154","targetHints":{"allow":["GET"]}}],"collection":[{"href":"https:\/\/aceitespain.com\/en\/wp-json\/wp\/v2\/product"}],"about":[{"href":"https:\/\/aceitespain.com\/en\/wp-json\/wp\/v2\/types\/product"}],"replies":[{"embeddable":true,"href":"https:\/\/aceitespain.com\/en\/wp-json\/wp\/v2\/comments?post=154"}],"wp:attachment":[{"href":"https:\/\/aceitespain.com\/en\/wp-json\/wp\/v2\/media?parent=154"}],"wp:term":[{"taxonomy":"product_brand","embeddable":true,"href":"https:\/\/aceitespain.com\/en\/wp-json\/wp\/v2\/product_brand?post=154"},{"taxonomy":"product_cat","embeddable":true,"href":"https:\/\/aceitespain.com\/en\/wp-json\/wp\/v2\/product_cat?post=154"},{"taxonomy":"product_tag","embeddable":true,"href":"https:\/\/aceitespain.com\/en\/wp-json\/wp\/v2\/product_tag?post=154"}],"curies":[{"name":"wp","href":"https:\/\/api.w.org\/{rel}","templated":true}]}}