{"id":169,"date":"2020-12-16T19:17:11","date_gmt":"2020-12-16T18:17:11","guid":{"rendered":"https:\/\/aceitespain.com\/?post_type=product&#038;p=169"},"modified":"2023-11-18T16:46:17","modified_gmt":"2023-11-18T14:46:17","slug":"lata-aove-picual-5-litros-arpillera","status":"publish","type":"product","link":"https:\/\/aceitespain.com\/en\/product\/lata-aove-picual-5-litros-arpillera\/","title":{"rendered":"Can of Extra Virgin Olive Oil EVOO PICUAL 5 Liters Mod: ARPILLERA"},"content":{"rendered":"<h2 style=\"text-align: left;\">Lata de 5 litros de Aceite de Oliva Virgen Extra Picual (ARPILLERA)<\/h2>\n<ul>\n<li style=\"text-align: left;\">El envase del <a href=\"https:\/\/aceitespain.com\/en\/tienda-aceite-oliva-virgen-extra\/\"><strong>Extra Virgin Olive Oil<\/strong><\/a> en latas permite una conservaci\u00f3n duradera protegi\u00e9ndolo de la luz, es inerte y no altera el sabor del producto.<\/li>\n<li>Guarde la lata con el tap\u00f3n puesto para una mejor conservaci\u00f3n.<\/li>\n<li>Las latas son reciclables y no agotan recursos.<\/li>\n<li>Ayuda a hacer un mundo sostenible.<\/li>\n<li>El color es independiente de la calidad del aceite. Para que tenga una buena calidad debe tener un aroma intenso, fresco y frutado.<\/li>\n<li>La lata puede no coincidir exactamente con la imagen mostrada.<\/li>\n<\/ul>\n<p><strong>INFORMACI\u00d3N NUTRICIONAL para 100 g<\/strong><\/p>\n<table>\n<tbody>\n<tr>\n<td><strong>Energ\u00eda<\/strong><\/td>\n<td>3700 Kj\/900Kcal<\/td>\n<\/tr>\n<tr>\n<td><strong>Grasas<\/strong><\/td>\n<td>100 g<\/td>\n<\/tr>\n<tr>\n<td>de las cuales<\/td>\n<\/tr>\n<tr>\n<td>\u00b7Saturadas<\/td>\n<td>16 g<\/td>\n<\/tr>\n<tr>\n<td>\u00b7Monoinsaturadas<\/td>\n<td>80 g<\/td>\n<\/tr>\n<tr>\n<td>\u00b7Poliinsaturadas<\/td>\n<td>4 g<\/td>\n<\/tr>\n<tr>\n<td><strong>Hidratos de carbono<\/strong><\/td>\n<td>0 g<\/td>\n<\/tr>\n<tr>\n<td>\u00b7az\u00facares<\/td>\n<td>0 g<\/td>\n<\/tr>\n<tr>\n<td>\u00b7polialcoholes<\/td>\n<td>0 g<\/td>\n<\/tr>\n<tr>\n<td>\u00b7almid\u00f3n<\/td>\n<td>0 g<\/td>\n<\/tr>\n<tr>\n<td>\u00b7Fibra alimentaria<\/td>\n<td>0 g<\/td>\n<\/tr>\n<tr>\n<td><strong>Prote\u00edna<\/strong><\/td>\n<td>0 g<\/td>\n<\/tr>\n<tr>\n<td><strong>Vitaminas y minerales<\/strong><\/td>\n<td>0 g<\/td>\n<\/tr>\n<\/tbody>\n<\/table>","protected":false},"excerpt":{"rendered":"<p style=\"text-align: left;\">El alto contenido de \u00e1cido oleico presente en el Aceite de Oliva Picual lo hace como un producto saludable que aporta grandes beneficios para la salud como la reducci\u00f3n del colesterol malo (LDL). El aporte de picor y rico sabor har\u00e1 tus recetas apetitosas. Un modelo ARPILLERA tradicional en formato lata de 5L que contendr\u00e1 un Picual fresco, de calidad y plagado de ricos aromas.<\/p>\n<h3 style=\"text-align: left;\"><strong>Calidad: PREMIUM<\/strong><\/h3>\n<p style=\"text-align: left;\"><strong>Variedad:<\/strong>\u00a0<a href=\"https:\/\/aceitespain.com\/en\/categoria\/aceite-picual\/\">Aceite Picual<\/a><\/p>\n<p style=\"text-align: left;\"><strong>Modelo del dise\u00f1o:<\/strong> ARPILLERA<\/p>\n<p style=\"text-align: left;\"><strong>Grado de acidez al envasarlo:<\/strong>\u00a00.14<\/p>\n<p style=\"text-align: left;\"><strong>Peso:<\/strong> 4,952 Kg<\/p>\n<p style=\"text-align: left;\"><strong>Tipo de envase:<\/strong>\u00a0Reciclable<\/p>","protected":false},"featured_media":0,"comment_status":"open","ping_status":"closed","template":"","meta":{"_acf_changed":false,"_et_pb_use_builder":"","_et_pb_old_content":"","_et_gb_content_width":""},"product_brand":[],"product_cat":[18],"product_tag":[],"class_list":{"0":"post-169","1":"product","2":"type-product","3":"status-publish","5":"product_cat-aceite-picual","7":"first","8":"outofstock","9":"taxable","10":"shipping-taxable","11":"purchasable","12":"product-type-simple"},"acf":[],"_links":{"self":[{"href":"https:\/\/aceitespain.com\/en\/wp-json\/wp\/v2\/product\/169","targetHints":{"allow":["GET"]}}],"collection":[{"href":"https:\/\/aceitespain.com\/en\/wp-json\/wp\/v2\/product"}],"about":[{"href":"https:\/\/aceitespain.com\/en\/wp-json\/wp\/v2\/types\/product"}],"replies":[{"embeddable":true,"href":"https:\/\/aceitespain.com\/en\/wp-json\/wp\/v2\/comments?post=169"}],"wp:attachment":[{"href":"https:\/\/aceitespain.com\/en\/wp-json\/wp\/v2\/media?parent=169"}],"wp:term":[{"taxonomy":"product_brand","embeddable":true,"href":"https:\/\/aceitespain.com\/en\/wp-json\/wp\/v2\/product_brand?post=169"},{"taxonomy":"product_cat","embeddable":true,"href":"https:\/\/aceitespain.com\/en\/wp-json\/wp\/v2\/product_cat?post=169"},{"taxonomy":"product_tag","embeddable":true,"href":"https:\/\/aceitespain.com\/en\/wp-json\/wp\/v2\/product_tag?post=169"}],"curies":[{"name":"wp","href":"https:\/\/api.w.org\/{rel}","templated":true}]}}