{"id":174,"date":"2020-12-17T10:04:36","date_gmt":"2020-12-17T08:04:36","guid":{"rendered":"https:\/\/aceitespain.com\/?post_type=product&#038;p=174"},"modified":"2023-02-06T17:39:50","modified_gmt":"2023-02-06T15:39:50","slug":"lata-aove-equilibrio-2-litros-hierba","status":"publish","type":"product","link":"https:\/\/aceitespain.com\/en\/product\/lata-aove-equilibrio-2-litros-hierba\/","title":{"rendered":"Can of Extra Virgin Olive Oil EVOO EQUILIBRIO 2 Liters Mod: HIERBA"},"content":{"rendered":"<h2 style=\"text-align: center;\">Lata de 2 litros de Aceite de Oliva Virgen Extra Picual Equilibrio, dise\u00f1o hierba<\/h2>\n<ul>\n<li>El envase del <a href=\"https:\/\/aceitespain.com\/en\/tienda-aceite-oliva-virgen-extra\/\">Extra Virgin Olive Oil<\/a> en latas permite una conservaci\u00f3n duradera protegi\u00e9ndolo de la luz, es inerte y no altera el sabor del producto.<\/li>\n<li>Guarde la lata con el tap\u00f3n puesto para una mejor conservaci\u00f3n.<\/li>\n<li>Las latas son reciclables y no agotan recursos.<\/li>\n<li>Ayuda a hacer un mundo sostenible.<\/li>\n<li>El color es independiente de la calidad del aceite. Para que tenga una buena calidad debe tener un aroma intenso, fresco y frutado.<\/li>\n<li>La lata puede no coincidir exactamente con la imagen mostrada.<\/li>\n<\/ul>\n<p><strong>INFORMACI\u00d3N NUTRICIONAL para 100 g de la lata de un litro de AOVE Equilibrio, dise\u00f1o de lata hierba<\/strong><\/p>\n<table>\n<tbody>\n<tr>\n<td><strong>Energ\u00eda<\/strong><\/td>\n<td>3700 Kj\/900Kcal<\/td>\n<\/tr>\n<tr>\n<td><strong>Grasas<\/strong><\/td>\n<td>100 g<\/td>\n<\/tr>\n<tr>\n<td>de las cuales<\/td>\n<\/tr>\n<tr>\n<td>\u00a0\u00b7Saturadas<\/td>\n<td>17 g<\/td>\n<\/tr>\n<tr>\n<td>\u00a0\u00b7Monoinsaturadas<\/td>\n<td>76 g<\/td>\n<\/tr>\n<tr>\n<td>\u00a0\u00b7Poliinsaturadas<\/td>\n<td>7 g<\/td>\n<\/tr>\n<tr>\n<td><strong>Hidratos de carbono<\/strong><\/td>\n<td>0 g<\/td>\n<\/tr>\n<tr>\n<td>\u00a0\u00b7az\u00facares<\/td>\n<td>0 g<\/td>\n<\/tr>\n<tr>\n<td>\u00a0\u00b7polialcoholes<\/td>\n<td>0 g<\/td>\n<\/tr>\n<tr>\n<td>\u00a0\u00b7almid\u00f3n<\/td>\n<td>0 g<\/td>\n<\/tr>\n<tr>\n<td>\u00a0\u00b7Fibra alimentaria<\/td>\n<td>0 g<\/td>\n<\/tr>\n<tr>\n<td>\u00a0<strong>Prote\u00edna<\/strong><\/td>\n<td>0 g<\/td>\n<\/tr>\n<tr>\n<td>\u00a0<strong>Vitaminas y minerales<\/strong><\/td>\n<td>0 g<\/td>\n<\/tr>\n<\/tbody>\n<\/table>","protected":false},"excerpt":{"rendered":"<p style=\"text-align: left;\">Un aroma muy caracter\u00edstico de los Aceites de Oliva Virgen Extra Calidad Premium es el toque herb\u00e1ceo que aporta a la cata una sensaci\u00f3n agradable y fresca. El modelo hierba disponible en una Lata de 2L nos acerca dicha esencia a la hora de catar el producto. Nuestra variedad AOVE Equilibrio Coupage te acerca los aromas herb\u00e1ceos con un sabor frutado complejo.<\/p>\n<h3 style=\"text-align: left;\"><strong>Calidad: PREMIUM<\/strong><\/h3>\n<p style=\"text-align: left;\">Mezcla equilibrada de todas nuestras variedades<\/p>\n<p style=\"text-align: left;\"><strong>Variedad:<\/strong> <a href=\"https:\/\/aceitespain.com\/en\/categoria\/aceite-coupage-equilibrio\/\">Equilibrio (Coupage)<\/a><\/p>\n<p><strong>Modelo del dise\u00f1o:<\/strong> HIERBA<\/p>\n<p><strong>Grado de acidez al envasarlo:<\/strong> 0.16<\/p>\n<p><strong>Peso:<\/strong> 1,041 Kg<\/p>\n<p><strong>Tipo de envase:<\/strong>\u00a0Reciclable<\/p>","protected":false},"featured_media":0,"comment_status":"open","ping_status":"closed","template":"","meta":{"_acf_changed":false,"_et_pb_use_builder":"","_et_pb_old_content":"","_et_gb_content_width":""},"product_brand":[],"product_cat":[20],"product_tag":[],"class_list":{"0":"post-174","1":"product","2":"type-product","3":"status-publish","5":"product_cat-aceite-coupage-equilibrio","7":"first","8":"outofstock","9":"taxable","10":"shipping-taxable","11":"purchasable","12":"product-type-simple"},"acf":[],"_links":{"self":[{"href":"https:\/\/aceitespain.com\/en\/wp-json\/wp\/v2\/product\/174","targetHints":{"allow":["GET"]}}],"collection":[{"href":"https:\/\/aceitespain.com\/en\/wp-json\/wp\/v2\/product"}],"about":[{"href":"https:\/\/aceitespain.com\/en\/wp-json\/wp\/v2\/types\/product"}],"replies":[{"embeddable":true,"href":"https:\/\/aceitespain.com\/en\/wp-json\/wp\/v2\/comments?post=174"}],"wp:attachment":[{"href":"https:\/\/aceitespain.com\/en\/wp-json\/wp\/v2\/media?parent=174"}],"wp:term":[{"taxonomy":"product_brand","embeddable":true,"href":"https:\/\/aceitespain.com\/en\/wp-json\/wp\/v2\/product_brand?post=174"},{"taxonomy":"product_cat","embeddable":true,"href":"https:\/\/aceitespain.com\/en\/wp-json\/wp\/v2\/product_cat?post=174"},{"taxonomy":"product_tag","embeddable":true,"href":"https:\/\/aceitespain.com\/en\/wp-json\/wp\/v2\/product_tag?post=174"}],"curies":[{"name":"wp","href":"https:\/\/api.w.org\/{rel}","templated":true}]}}