{"id":193,"date":"2020-12-17T12:01:06","date_gmt":"2020-12-17T10:01:06","guid":{"rendered":"https:\/\/aceitespain.com\/?post_type=product&#038;p=193"},"modified":"2023-09-18T15:38:42","modified_gmt":"2023-09-18T13:38:42","slug":"lata-aove-picual-1-litro","status":"publish","type":"product","link":"https:\/\/aceitespain.com\/en\/product\/lata-aove-picual-1-litro\/","title":{"rendered":"Can of Extra Virgin Olive Oil EVOO PICUAL 1 liter Premium"},"content":{"rendered":"<h2>Lata de 1 litro de Aceite de Oliva Virgen Extra Picual (origen)<\/h2>\n<ul>\n<li>El envase del <a href=\"https:\/\/aceitespain.com\/en\/tienda-aceite-oliva-virgen-extra\/\">Extra Virgin Olive Oil<\/a> en latas permite una conservaci\u00f3n duradera protegi\u00e9ndolo de la luz, es inerte y no altera el sabor del producto.<\/li>\n<li>Guarde la lata con el tap\u00f3n puesto para una mejor conservaci\u00f3n.<\/li>\n<li>Las latas son reciclables y no agotan recursos.<\/li>\n<li>Ayuda a hacer un mundo sostenible.<\/li>\n<li>El color es independiente de la calidad del aceite. Para que tenga una buena calidad debe tener un aroma intenso, fresco y frutado.<\/li>\n<li>La lata puede no coincidir exactamente con la imagen mostrada.<\/li>\n<\/ul>\n<p><strong>INFORMACI\u00d3N NUTRICIONAL para 100 g<\/strong><\/p>\n<table>\n<tbody>\n<tr>\n<td><strong>Energ\u00eda<\/strong><\/td>\n<td>3700 Kj\/900Kcal<\/td>\n<\/tr>\n<tr>\n<td><strong>Grasas<\/strong><\/td>\n<td>100 g<\/td>\n<\/tr>\n<tr>\n<td>de las cuales<\/td>\n<\/tr>\n<tr>\n<td>Saturadas<\/td>\n<td>16 g<\/td>\n<\/tr>\n<tr>\n<td>Monoinsaturadas<\/td>\n<td>80 g<\/td>\n<\/tr>\n<tr>\n<td>Poliinsaturadas<\/td>\n<td>4 g<\/td>\n<\/tr>\n<tr>\n<td><strong>Hidratos de carbono<\/strong><\/td>\n<td>0 g<\/td>\n<\/tr>\n<tr>\n<td>az\u00facares<\/td>\n<td>0 g<\/td>\n<\/tr>\n<tr>\n<td>polialcoholes<\/td>\n<td>0 g<\/td>\n<\/tr>\n<tr>\n<td>almid\u00f3n<\/td>\n<td>0 g<\/td>\n<\/tr>\n<tr>\n<td>Fibra alimentaria<\/td>\n<td>0 g<\/td>\n<\/tr>\n<tr>\n<td><strong>Prote\u00edna<\/strong><\/td>\n<td>0 g<\/td>\n<\/tr>\n<tr>\n<td><strong>Vitaminas y minerales<\/strong><\/td>\n<td>0 g<\/td>\n<\/tr>\n<\/tbody>\n<\/table>","protected":false},"excerpt":{"rendered":"<p style=\"text-align: left;\">Una de las mayores variedades existentes a nivel nacional es la variedad Picual. Su extensi\u00f3n de cosecha es extensa y rica. Nosotros acercamos esta variedad desde los aleda\u00f1os del Parque Nacional de Caba\u00f1eros en la provincia de Toledo para que el comensal pueda degustar los beneficios que este AOVE puede aportar junto con un trocito de nuestros terrenos.<\/p>\n<h3 style=\"text-align: left;\"><strong>Calidad: PREMIUM<\/strong><\/h3>\n<p style=\"text-align: left;\"><strong>Variedad:<\/strong> <a href=\"https:\/\/aceitespain.com\/en\/categoria\/aceite-picual\/\">Aceite Picual<\/a><\/p>\n<p style=\"text-align: left;\"><strong>Modelo del dise\u00f1o:<\/strong> ORIGEN<\/p>\n<p><strong>Grado de acidez al envasarlo:<\/strong> 0.14<\/p>\n<p><strong>Peso:<\/strong> 1,041 Kg<\/p>\n<p><strong>Tipo de envase:<\/strong>\u00a0Reciclable<\/p>","protected":false},"featured_media":0,"comment_status":"open","ping_status":"closed","template":"","meta":{"_acf_changed":false,"_et_pb_use_builder":"","_et_pb_old_content":"","_et_gb_content_width":""},"product_brand":[],"product_cat":[18],"product_tag":[],"class_list":{"0":"post-193","1":"product","2":"type-product","3":"status-publish","5":"product_cat-aceite-picual","7":"first","8":"outofstock","9":"featured","10":"taxable","11":"shipping-taxable","12":"purchasable","13":"product-type-simple"},"acf":[],"_links":{"self":[{"href":"https:\/\/aceitespain.com\/en\/wp-json\/wp\/v2\/product\/193","targetHints":{"allow":["GET"]}}],"collection":[{"href":"https:\/\/aceitespain.com\/en\/wp-json\/wp\/v2\/product"}],"about":[{"href":"https:\/\/aceitespain.com\/en\/wp-json\/wp\/v2\/types\/product"}],"replies":[{"embeddable":true,"href":"https:\/\/aceitespain.com\/en\/wp-json\/wp\/v2\/comments?post=193"}],"wp:attachment":[{"href":"https:\/\/aceitespain.com\/en\/wp-json\/wp\/v2\/media?parent=193"}],"wp:term":[{"taxonomy":"product_brand","embeddable":true,"href":"https:\/\/aceitespain.com\/en\/wp-json\/wp\/v2\/product_brand?post=193"},{"taxonomy":"product_cat","embeddable":true,"href":"https:\/\/aceitespain.com\/en\/wp-json\/wp\/v2\/product_cat?post=193"},{"taxonomy":"product_tag","embeddable":true,"href":"https:\/\/aceitespain.com\/en\/wp-json\/wp\/v2\/product_tag?post=193"}],"curies":[{"name":"wp","href":"https:\/\/api.w.org\/{rel}","templated":true}]}}